{"id":496,"date":"2024-12-12T22:06:32","date_gmt":"2024-12-12T18:06:32","guid":{"rendered":"https:\/\/lareunion.lacompagnieduchatbleu.fr\/?page_id=496"},"modified":"2024-12-12T22:07:42","modified_gmt":"2024-12-12T18:07:42","slug":"a-propos-de-nous","status":"publish","type":"page","link":"https:\/\/lareunion.lacompagnieduchatbleu.fr\/index.php\/a-propos-de-nous\/","title":{"rendered":"\u00c0 propos de nous"},"content":{"rendered":"\n<div class=\"wp-block-group has-global-padding is-layout-constrained wp-block-group-is-layout-constrained\">\n<div style=\"height:30px\" aria-hidden=\"true\" class=\"wp-block-spacer\"><\/div>\n\n\n\n<p class=\"has-text-align-center has-large-font-size\"><strong>SAS La Compagnie du Chat Bleu<\/strong><br><mark style=\"background-color:rgba(0, 0, 0, 0)\" class=\"has-inline-color has-contrast-2-color\">Si\u00e8ge social :<\/mark> <strong>22, rue Vend\u00f4me<\/strong><br><strong>97438 Sainte-Marie La R\u00e9union<\/strong><br><mark style=\"background-color:rgba(0, 0, 0, 0)\" class=\"has-inline-color has-contrast-2-color\">SIREN\/SIRET :<\/mark> <strong>835 243 932 00018<\/strong><br><mark style=\"background-color:rgba(0, 0, 0, 0)\" class=\"has-inline-color has-contrast-2-color\">APE :<\/mark> <strong>9002Z<\/strong><\/p>\n\n\n\n<div style=\"height:50px\" aria-hidden=\"true\" class=\"wp-block-spacer\"><\/div>\n<\/div>\n","protected":false},"excerpt":{"rendered":"<p>SAS La Compagnie du Chat BleuSi\u00e8ge social : 22, rue Vend\u00f4me97438 Sainte-Marie La R\u00e9unionSIREN\/SIRET : 835 243 932 00018APE : 9002Z<\/p>\n","protected":false},"author":1,"featured_media":0,"parent":0,"menu_order":0,"comment_status":"closed","ping_status":"closed","template":"","meta":{"pgc_sgb_lightbox_settings":"","_themeisle_gutenberg_block_has_review":false,"footnotes":""},"class_list":["post-496","page","type-page","status-publish","hentry"],"_links":{"self":[{"href":"https:\/\/lareunion.lacompagnieduchatbleu.fr\/index.php\/wp-json\/wp\/v2\/pages\/496","targetHints":{"allow":["GET"]}}],"collection":[{"href":"https:\/\/lareunion.lacompagnieduchatbleu.fr\/index.php\/wp-json\/wp\/v2\/pages"}],"about":[{"href":"https:\/\/lareunion.lacompagnieduchatbleu.fr\/index.php\/wp-json\/wp\/v2\/types\/page"}],"author":[{"embeddable":true,"href":"https:\/\/lareunion.lacompagnieduchatbleu.fr\/index.php\/wp-json\/wp\/v2\/users\/1"}],"replies":[{"embeddable":true,"href":"https:\/\/lareunion.lacompagnieduchatbleu.fr\/index.php\/wp-json\/wp\/v2\/comments?post=496"}],"version-history":[{"count":2,"href":"https:\/\/lareunion.lacompagnieduchatbleu.fr\/index.php\/wp-json\/wp\/v2\/pages\/496\/revisions"}],"predecessor-version":[{"id":500,"href":"https:\/\/lareunion.lacompagnieduchatbleu.fr\/index.php\/wp-json\/wp\/v2\/pages\/496\/revisions\/500"}],"wp:attachment":[{"href":"https:\/\/lareunion.lacompagnieduchatbleu.fr\/index.php\/wp-json\/wp\/v2\/media?parent=496"}],"curies":[{"name":"wp","href":"https:\/\/api.w.org\/{rel}","templated":true}]}}