{"id":401,"date":"2024-11-12T22:48:56","date_gmt":"2024-11-12T18:48:56","guid":{"rendered":"https:\/\/lareunion.lacompagnieduchatbleu.fr\/?page_id=401"},"modified":"2025-01-26T22:15:09","modified_gmt":"2025-01-26T18:15:09","slug":"nos-spectacles","status":"publish","type":"page","link":"https:\/\/lareunion.lacompagnieduchatbleu.fr\/index.php\/nos-spectacles\/","title":{"rendered":"Nos spectacles"},"content":{"rendered":"\n<div style=\"height:50px\" aria-hidden=\"true\" class=\"wp-block-spacer\"><\/div>\n\n\n\n<div class=\"wp-block-columns alignwide is-layout-flex wp-container-core-columns-is-layout-28f84493 wp-block-columns-is-layout-flex\">\n<div class=\"wp-block-column is-layout-flow wp-block-column-is-layout-flow\" style=\"flex-basis:15%\">\n<div class=\"wp-block-group has-global-padding is-layout-constrained wp-block-group-is-layout-constrained\" style=\"box-shadow:var(--wp--preset--shadow--natural)\"><div class=\"n2-section-smartslider fitvidsignore  n2_clear\" data-ssid=\"2\"><div id=\"n2-ss-2-align\" class=\"n2-ss-align\"><div class=\"n2-padding\"><div id=\"n2-ss-2\" data-creator=\"Smart Slider 3\" data-responsive=\"auto\" class=\"n2-ss-slider n2-ow n2-has-hover n2notransition  \">\n        <div class=\"n2-ss-slider-1 n2_ss__touch_element n2-ow\">\n            <div class=\"n2-ss-slider-2 n2-ow\">\n                                                <div class=\"n2-ss-slider-3 n2-ow\">\n\n                    <div class=\"n2-ss-slide-backgrounds n2-ow-all\"><div class=\"n2-ss-slide-background\" data-public-id=\"1\" data-mode=\"fill\"><div class=\"n2-ss-slide-background-image\" data-blur=\"0\" data-opacity=\"100\" data-x=\"50\" data-y=\"50\" data-alt=\"\" data-title=\"\"><picture class=\"skip-lazy\" data-skip-lazy=\"1\"><img decoding=\"async\" src=\"\/\/lareunion.lacompagnieduchatbleu.fr\/wp-content\/uploads\/2024\/10\/Affiche-Scarabee-dOr-v1-200px.jpg\" alt=\"\" title=\"\" loading=\"lazy\" class=\"skip-lazy\" data-skip-lazy=\"1\"><\/picture><\/div><div data-color=\"RGBA(255,255,255,0)\" style=\"background-color: RGBA(255,255,255,0);\" class=\"n2-ss-slide-background-color\"><\/div><\/div><\/div>                    <div class=\"n2-ss-slider-4 n2-ow\">\n                        <svg xmlns=\"http:\/\/www.w3.org\/2000\/svg\" viewBox=\"0 0 200 300\" data-related-device=\"desktopPortrait\" class=\"n2-ow n2-ss-preserve-size n2-ss-preserve-size--slider n2-ss-slide-limiter\"><\/svg><div data-first=\"1\" data-slide-duration=\"0\" data-id=\"4\" data-slide-public-id=\"1\" data-title=\"Affiche-Scarabee-dOr-v1-200px\" class=\"n2-ss-slide n2-ow  n2-ss-slide-4\"><div role=\"note\" class=\"n2-ss-slide--focus\" tabindex=\"-1\">Affiche-Scarabee-dOr-v1-200px<\/div><div class=\"n2-ss-layers-container n2-ss-slide-limiter n2-ow\"><div class=\"n2-ss-layer n2-ow n-uc-3cfTnFnne066\" data-sstype=\"slide\" data-pm=\"default\"><\/div><\/div><\/div>                    <\/div>\n\n                                    <\/div>\n            <\/div>\n        <\/div>\n        <\/div><ss3-loader><\/ss3-loader><\/div><\/div><div class=\"n2_clear\"><\/div><\/div><\/div>\n<\/div>\n\n\n\n<div class=\"wp-block-column is-layout-flow wp-block-column-is-layout-flow\" style=\"padding-right:0;padding-left:0;flex-basis:80%\">\n<h2 class=\"wp-block-heading\">Le Myst\u00e8re du Scarab\u00e9e d&rsquo;Or<\/h2>\n\n\n\n<p><strong>Type d&rsquo;\u0153uvre :<\/strong> Spectacle vivant participatif<\/p>\n\n\n\n<p><strong>Public cible :<\/strong> Jeune public<\/p>\n\n\n\n<p><strong>Dur\u00e9e :<\/strong> 50 min <em>(le temps d&rsquo;une s\u00e9ance p\u00e9dagogique)<\/em><\/p>\n\n\n\n<p style=\"padding-right:0;padding-left:0\"><strong>Synopsis :<\/strong> Le pharaon <strong><em>Thoutmosis<\/em><\/strong> est tomb\u00e9 malade et la seule fa\u00e7on de le gu\u00e9rir consiste en lui apposer sur le front le grand scarab\u00e9e d\u2019or, qui a un pouvoir magique de gu\u00e9rison. L\u2019\u00e9pouse royale <strong><em>Hatchepsout<\/em><\/strong>, demande alors au pr\u00eatre-m\u00e9decin royal <strong><em>Knoum<\/em><\/strong>, qui en est le gardien, d\u2019apporter le scarab\u00e9e pour soigner le pharaon. Malheureusement, <strong><em>Knoum<\/em><\/strong> revient vers l\u2019\u00e9pouse royale sans le scarab\u00e9e, et lui explique qu\u2019il a \u00e9t\u00e9 vol\u00e9. <strong><em>Hatchepsout<\/em><\/strong>, en col\u00e8re, le fait emprisonner, et demande au scribe royal de mener l\u2019enqu\u00eate pour retrouver rapidement l\u2019objet sacr\u00e9 qui va sauver le pharaon.<\/p>\n\n\n\n<p>Qui a vol\u00e9 le Scarab\u00e9e d\u2019or ? Pourquoi ? Le scribe royal va-t-il d\u00e9couvrir la v\u00e9rit\u00e9 ?<\/p>\n<\/div>\n<\/div>\n\n\n\n<div style=\"height:100px\" aria-hidden=\"true\" class=\"wp-block-spacer\"><\/div>\n\n\n\n<div class=\"wp-block-columns alignwide is-layout-flex wp-container-core-columns-is-layout-28f84493 wp-block-columns-is-layout-flex\">\n<div class=\"wp-block-column is-layout-flow wp-block-column-is-layout-flow\" style=\"flex-basis:15%\">\n<div class=\"wp-block-group has-global-padding is-layout-constrained wp-block-group-is-layout-constrained\" style=\"box-shadow:var(--wp--preset--shadow--natural)\"><div class=\"n2-section-smartslider fitvidsignore  n2_clear\" data-ssid=\"3\"><div id=\"n2-ss-3-align\" class=\"n2-ss-align\"><div class=\"n2-padding\"><div id=\"n2-ss-3\" data-creator=\"Smart Slider 3\" data-responsive=\"auto\" class=\"n2-ss-slider n2-ow n2-has-hover n2notransition  \"><div class=\"n2-ss-slider-wrapper-inside\">\n        <div class=\"n2-ss-slider-1 n2_ss__touch_element n2-ow\">\n            <div class=\"n2-ss-slider-2 n2-ow\">\n                                                <div class=\"n2-ss-slider-3 n2-ow\">\n\n                    <div class=\"n2-ss-slide-backgrounds n2-ow-all\"><div class=\"n2-ss-slide-background\" data-public-id=\"1\" data-mode=\"fill\"><div class=\"n2-ss-slide-background-image\" data-blur=\"0\" data-opacity=\"100\" data-x=\"50\" data-y=\"50\" data-alt=\"\" data-title=\"\"><picture class=\"skip-lazy\" data-skip-lazy=\"1\"><img decoding=\"async\" src=\"\/\/lareunion.lacompagnieduchatbleu.fr\/wp-content\/uploads\/2024\/10\/Affiche_Antigone_200px.jpg\" alt=\"\" title=\"\" loading=\"lazy\" class=\"skip-lazy\" data-skip-lazy=\"1\"><\/picture><\/div><div data-color=\"RGBA(255,255,255,0)\" style=\"background-color: RGBA(255,255,255,0);\" class=\"n2-ss-slide-background-color\"><\/div><\/div><div class=\"n2-ss-slide-background\" data-public-id=\"2\" data-mode=\"fill\"><div class=\"n2-ss-slide-background-image\" data-blur=\"0\" data-opacity=\"100\" data-x=\"50\" data-y=\"50\" data-alt=\"\" data-title=\"\"><picture class=\"skip-lazy\" data-skip-lazy=\"1\"><img decoding=\"async\" src=\"\/\/lareunion.lacompagnieduchatbleu.fr\/wp-content\/uploads\/2024\/10\/Antigone-3eme-jet-copy-200-px.jpg\" alt=\"\" title=\"\" loading=\"lazy\" class=\"skip-lazy\" data-skip-lazy=\"1\"><\/picture><\/div><div data-color=\"RGBA(255,255,255,0)\" style=\"background-color: RGBA(255,255,255,0);\" class=\"n2-ss-slide-background-color\"><\/div><\/div><div class=\"n2-ss-slide-background\" data-public-id=\"3\" data-mode=\"fill\"><div class=\"n2-ss-slide-background-image\" data-blur=\"0\" data-opacity=\"100\" data-x=\"50\" data-y=\"50\" data-alt=\"\" data-title=\"\"><picture class=\"skip-lazy\" data-skip-lazy=\"1\"><img decoding=\"async\" src=\"\/\/lareunion.lacompagnieduchatbleu.fr\/wp-content\/uploads\/2024\/10\/Antigone-2eme-jet-200-px.jpg\" alt=\"\" title=\"\" loading=\"lazy\" class=\"skip-lazy\" data-skip-lazy=\"1\"><\/picture><\/div><div data-color=\"RGBA(255,255,255,0)\" style=\"background-color: RGBA(255,255,255,0);\" class=\"n2-ss-slide-background-color\"><\/div><\/div><\/div>                    <div class=\"n2-ss-slider-4 n2-ow\">\n                        <svg xmlns=\"http:\/\/www.w3.org\/2000\/svg\" viewBox=\"0 0 200 300\" data-related-device=\"desktopPortrait\" class=\"n2-ow n2-ss-preserve-size n2-ss-preserve-size--slider n2-ss-slide-limiter\"><\/svg><div data-first=\"1\" data-slide-duration=\"0\" data-id=\"7\" data-slide-public-id=\"1\" data-title=\"Created with GIMP\" class=\"n2-ss-slide n2-ow  n2-ss-slide-7\"><div role=\"note\" class=\"n2-ss-slide--focus\" tabindex=\"-1\">Created with GIMP<\/div><div class=\"n2-ss-layers-container n2-ss-slide-limiter n2-ow\"><div class=\"n2-ss-layer n2-ow n-uc-DHJqrCfRNfFn\" data-sstype=\"slide\" data-pm=\"default\"><\/div><\/div><\/div><div data-slide-duration=\"0\" data-id=\"6\" data-slide-public-id=\"2\" data-title=\"Antigone-3eme-jet-copy-200-px\" class=\"n2-ss-slide n2-ow  n2-ss-slide-6\"><div role=\"note\" class=\"n2-ss-slide--focus\" tabindex=\"-1\">Antigone-3eme-jet-copy-200-px<\/div><div class=\"n2-ss-layers-container n2-ss-slide-limiter n2-ow\"><div class=\"n2-ss-layer n2-ow n-uc-W0GyRQFwYLL2\" data-sstype=\"slide\" data-pm=\"default\"><\/div><\/div><\/div><div data-slide-duration=\"0\" data-id=\"8\" data-slide-public-id=\"3\" data-title=\"Antigone-2eme-jet-200-px\" class=\"n2-ss-slide n2-ow  n2-ss-slide-8\"><div role=\"note\" class=\"n2-ss-slide--focus\" tabindex=\"-1\">Antigone-2eme-jet-200-px<\/div><div class=\"n2-ss-layers-container n2-ss-slide-limiter n2-ow\"><div class=\"n2-ss-layer n2-ow n-uc-MHuRYnKXoyxy\" data-sstype=\"slide\" data-pm=\"default\"><\/div><\/div><\/div>                    <\/div>\n\n                                    <\/div>\n            <\/div>\n        <\/div>\n        <div class=\"n2-ss-slider-controls n2-ss-slider-controls-absolute-left-center\"><div style=\"--widget-offset:15px;\" class=\"n2-ss-widget nextend-arrow n2-ow-all nextend-arrow-previous  nextend-arrow-animated-fade\" data-hide-mobileportrait=\"1\" id=\"n2-ss-3-arrow-previous\" role=\"button\" aria-label=\"previous arrow\" tabindex=\"0\"><img loading=\"lazy\" decoding=\"async\" width=\"32\" height=\"32\" class=\"skip-lazy\" data-skip-lazy=\"1\" src=\"data:image\/svg+xml;base64,PHN2ZyB3aWR0aD0iMzIiIGhlaWdodD0iMzIiIHZpZXdCb3g9IjAgMCAzMiAzMiIgeG1sbnM9Imh0dHA6Ly93d3cudzMub3JnLzIwMDAvc3ZnIj4KICAgIDxwYXRoIGQ9Ik0xMS40MzMgMTUuOTkyTDIyLjY5IDUuNzEyYy4zOTMtLjM5LjM5My0xLjAzIDAtMS40Mi0uMzkzLS4zOS0xLjAzLS4zOS0xLjQyMyAwbC0xMS45OCAxMC45NGMtLjIxLjIxLS4zLjQ5LS4yODUuNzYtLjAxNS4yOC4wNzUuNTYuMjg0Ljc3bDExLjk4IDEwLjk0Yy4zOTMuMzkgMS4wMy4zOSAxLjQyNCAwIC4zOTMtLjQuMzkzLTEuMDMgMC0xLjQybC0xMS4yNTctMTAuMjkiCiAgICAgICAgICBmaWxsPSIjZmZmZmZmIiBvcGFjaXR5PSIwLjgiIGZpbGwtcnVsZT0iZXZlbm9kZCIvPgo8L3N2Zz4=\" alt=\"previous arrow\"><\/div><\/div><div class=\"n2-ss-slider-controls n2-ss-slider-controls-absolute-right-center\"><div style=\"--widget-offset:15px;\" class=\"n2-ss-widget nextend-arrow n2-ow-all nextend-arrow-next  nextend-arrow-animated-fade\" data-hide-mobileportrait=\"1\" id=\"n2-ss-3-arrow-next\" role=\"button\" aria-label=\"next arrow\" tabindex=\"0\"><img loading=\"lazy\" decoding=\"async\" width=\"32\" height=\"32\" class=\"skip-lazy\" data-skip-lazy=\"1\" src=\"data:image\/svg+xml;base64,PHN2ZyB3aWR0aD0iMzIiIGhlaWdodD0iMzIiIHZpZXdCb3g9IjAgMCAzMiAzMiIgeG1sbnM9Imh0dHA6Ly93d3cudzMub3JnLzIwMDAvc3ZnIj4KICAgIDxwYXRoIGQ9Ik0xMC43MjIgNC4yOTNjLS4zOTQtLjM5LTEuMDMyLS4zOS0xLjQyNyAwLS4zOTMuMzktLjM5MyAxLjAzIDAgMS40MmwxMS4yODMgMTAuMjgtMTEuMjgzIDEwLjI5Yy0uMzkzLjM5LS4zOTMgMS4wMiAwIDEuNDIuMzk1LjM5IDEuMDMzLjM5IDEuNDI3IDBsMTIuMDA3LTEwLjk0Yy4yMS0uMjEuMy0uNDkuMjg0LS43Ny4wMTQtLjI3LS4wNzYtLjU1LS4yODYtLjc2TDEwLjcyIDQuMjkzeiIKICAgICAgICAgIGZpbGw9IiNmZmZmZmYiIG9wYWNpdHk9IjAuOCIgZmlsbC1ydWxlPSJldmVub2RkIi8+Cjwvc3ZnPg==\" alt=\"next arrow\"><\/div><\/div><\/div><\/div><ss3-loader><\/ss3-loader><\/div><\/div><div class=\"n2_clear\"><\/div><\/div><\/div>\n<\/div>\n\n\n\n<div class=\"wp-block-column is-layout-flow wp-block-column-is-layout-flow\" style=\"flex-basis:80%\">\n<h2 class=\"wp-block-heading\" id=\"nosspectaclesantigone\"><a id=\"LMSO\"><\/a>Antigone<\/h2>\n\n\n\n<p><strong>Type d&rsquo;\u0153uvre :<\/strong> Th\u00e9\u00e2tre classique grec (r\u00e9\u00e9criture)<\/p>\n\n\n\n<p><strong>Public cible :<\/strong> Tous publics<\/p>\n\n\n\n<p><strong>Dur\u00e9e :<\/strong> 1h15<\/p>\n\n\n\n<p style=\"padding-top:0px;padding-right:0px;padding-bottom:0px;padding-left:0px\"><strong>Synopsis :<\/strong> Comment comprendre <strong><em>Antigone<\/em><\/strong>, sinon en connaissant son histoire&nbsp;? Le face \u00e0 face avec <strong><em>Cr\u00e9on<\/em><\/strong> marque l\u2019apog\u00e9e d\u2019une trajectoire terrible, mais elle n\u2019est que l\u2019issue fatale de la chronique d\u2019une mort annonc\u00e9e. Pourtant, <strong><em>Antigone<\/em><\/strong> est tout autre&nbsp;! Pourtant, <strong><em>Antigone<\/em><\/strong> est immense&nbsp;! Pourtant, <strong><em>Antigone<\/em><\/strong> est \u00e9ternelle&nbsp;! La narration qui est propos\u00e9e par la Compagnie du Chat Bleu se veut ainsi \u00eatre le miroir de la vie de cette femme-combattante. Son histoire commence bien avant sa naissance, avant m\u00eame celle de son p\u00e8re <strong><em>\u0152dipe<\/em><\/strong>. Son histoire s\u2019inscrit dans les pas funestes qu\u2019a trac\u00e9s <strong><em>La\u00efos<\/em><\/strong>, son grand-p\u00e8re, pour l\u2019\u00e9ternit\u00e9. Et c\u2019est la balade que notre compagnie vous propose de faire avec elle.<\/p>\n<\/div>\n<\/div>\n\n\n\n<div style=\"height:100px\" aria-hidden=\"true\" class=\"wp-block-spacer\"><\/div>\n\n\n\n<div class=\"wp-block-columns alignwide is-layout-flex wp-container-core-columns-is-layout-28f84493 wp-block-columns-is-layout-flex\">\n<div class=\"wp-block-column is-layout-flow wp-block-column-is-layout-flow\" style=\"flex-basis:15%\">\n<div class=\"wp-block-group has-global-padding is-layout-constrained wp-block-group-is-layout-constrained\" style=\"box-shadow:var(--wp--preset--shadow--natural)\"><div class=\"n2-section-smartslider fitvidsignore  n2_clear\" data-ssid=\"4\"><div id=\"n2-ss-4-align\" class=\"n2-ss-align\"><div class=\"n2-padding\"><div id=\"n2-ss-4\" data-creator=\"Smart Slider 3\" data-responsive=\"auto\" class=\"n2-ss-slider n2-ow n2-has-hover n2notransition  \">\n        <div class=\"n2-ss-slider-1 n2_ss__touch_element n2-ow\">\n            <div class=\"n2-ss-slider-2 n2-ow\">\n                                                <div class=\"n2-ss-slider-3 n2-ow\">\n\n                    <div class=\"n2-ss-slide-backgrounds n2-ow-all\"><div class=\"n2-ss-slide-background\" data-public-id=\"1\" data-mode=\"fill\"><div class=\"n2-ss-slide-background-image\" data-blur=\"0\" data-opacity=\"100\" data-x=\"50\" data-y=\"50\" data-alt=\"\" data-title=\"\"><picture class=\"skip-lazy\" data-skip-lazy=\"1\"><img decoding=\"async\" src=\"\/\/lareunion.lacompagnieduchatbleu.fr\/wp-content\/uploads\/2025\/01\/Affiche_LDS_200px.jpg\" alt=\"\" title=\"\" loading=\"lazy\" class=\"skip-lazy\" data-skip-lazy=\"1\"><\/picture><\/div><div data-color=\"RGBA(255,255,255,0)\" style=\"background-color: RGBA(255,255,255,0);\" class=\"n2-ss-slide-background-color\"><\/div><\/div><\/div>                    <div class=\"n2-ss-slider-4 n2-ow\">\n                        <svg xmlns=\"http:\/\/www.w3.org\/2000\/svg\" viewBox=\"0 0 200 150\" data-related-device=\"desktopPortrait\" class=\"n2-ow n2-ss-preserve-size n2-ss-preserve-size--slider n2-ss-slide-limiter\"><\/svg><div data-first=\"1\" data-slide-duration=\"0\" data-id=\"9\" data-slide-public-id=\"1\" data-title=\"Affiche-LDS-200px\" class=\"n2-ss-slide n2-ow  n2-ss-slide-9\"><div role=\"note\" class=\"n2-ss-slide--focus\" tabindex=\"-1\">Affiche-LDS-200px<\/div><div class=\"n2-ss-layers-container n2-ss-slide-limiter n2-ow\"><div class=\"n2-ss-layer n2-ow n-uc-MFFkTQZOLiJ5\" data-sstype=\"slide\" data-pm=\"default\"><\/div><\/div><\/div>                    <\/div>\n\n                                    <\/div>\n            <\/div>\n        <\/div>\n        <\/div><ss3-loader><\/ss3-loader><\/div><\/div><div class=\"n2_clear\"><\/div><\/div><\/div>\n<\/div>\n\n\n\n<div class=\"wp-block-column is-layout-flow wp-block-column-is-layout-flow\" style=\"flex-basis:80%\">\n<h2 class=\"wp-block-heading\" id=\"nosspectaclesantigone\">La loi du silence<\/h2>\n\n\n\n<p><strong>Type d&rsquo;\u0153uvre :<\/strong> Drame<\/p>\n\n\n\n<p><strong>Public cible :<\/strong> plus de 16 ans<\/p>\n\n\n\n<p><strong>Dur\u00e9e :<\/strong> 1h00<\/p>\n\n\n\n<p style=\"padding-top:0px;padding-right:0px;padding-bottom:0px;padding-left:0px\"><strong>Synopsis :<\/strong> Spectacle vivant s\u2019il en est&nbsp;! Venez vivre un proc\u00e8s d\u2019assise et venez participer en devenant jur\u00e9.<\/p>\n\n\n\n<p><em><strong>Marie Camille Signori<\/strong> a tout contre elle. Les pr\u00e9somptions, les indices, les donn\u00e9es, qui s\u2019articulent pour d\u00e9montrer son inexorable culpabilit\u00e9. Et pour couronner le tout, <strong>Marie Camille Signori<\/strong> a d\u00e9cid\u00e9 de ne plus parler, depuis l\u2019instant o\u00f9 elle a \u00e9t\u00e9 arr\u00eat\u00e9e.<\/em><\/p>\n\n\n\n<p><em>Est-elle vraiment coupable&nbsp;? Est-elle vraiment l\u2019auteure des faits que la Cour va lui reprocher&nbsp;?<\/em><\/p>\n\n\n\n<p>\u00c0 l\u2019issue des d\u00e9bats, il vous appartiendra de voter&nbsp;!<\/p>\n\n\n\n<p style=\"padding-top:0px;padding-right:0px;padding-bottom:0px;padding-left:0px\">Il vous appartiendra\u2026 de d\u00e9cider de son sort\u00a0!<\/p>\n<\/div>\n<\/div>\n\n\n\n<div style=\"height:100px\" aria-hidden=\"true\" class=\"wp-block-spacer\"><\/div>\n","protected":false},"excerpt":{"rendered":"<p>Le Myst\u00e8re du Scarab\u00e9e d&rsquo;Or Type d&rsquo;\u0153uvre : Spectacle vivant participatif Public cible : Jeune public Dur\u00e9e : 50 min (le temps d&rsquo;une s\u00e9ance p\u00e9dagogique) Synopsis : Le pharaon Thoutmosis est tomb\u00e9 malade et la seule fa\u00e7on de le gu\u00e9rir consiste en lui apposer sur le front le grand scarab\u00e9e d\u2019or, qui a un pouvoir [&hellip;]<\/p>\n","protected":false},"author":1,"featured_media":0,"parent":0,"menu_order":0,"comment_status":"closed","ping_status":"closed","template":"","meta":{"pgc_sgb_lightbox_settings":"","_themeisle_gutenberg_block_has_review":false,"footnotes":""},"class_list":["post-401","page","type-page","status-publish","hentry"],"_links":{"self":[{"href":"https:\/\/lareunion.lacompagnieduchatbleu.fr\/index.php\/wp-json\/wp\/v2\/pages\/401","targetHints":{"allow":["GET"]}}],"collection":[{"href":"https:\/\/lareunion.lacompagnieduchatbleu.fr\/index.php\/wp-json\/wp\/v2\/pages"}],"about":[{"href":"https:\/\/lareunion.lacompagnieduchatbleu.fr\/index.php\/wp-json\/wp\/v2\/types\/page"}],"author":[{"embeddable":true,"href":"https:\/\/lareunion.lacompagnieduchatbleu.fr\/index.php\/wp-json\/wp\/v2\/users\/1"}],"replies":[{"embeddable":true,"href":"https:\/\/lareunion.lacompagnieduchatbleu.fr\/index.php\/wp-json\/wp\/v2\/comments?post=401"}],"version-history":[{"count":14,"href":"https:\/\/lareunion.lacompagnieduchatbleu.fr\/index.php\/wp-json\/wp\/v2\/pages\/401\/revisions"}],"predecessor-version":[{"id":531,"href":"https:\/\/lareunion.lacompagnieduchatbleu.fr\/index.php\/wp-json\/wp\/v2\/pages\/401\/revisions\/531"}],"wp:attachment":[{"href":"https:\/\/lareunion.lacompagnieduchatbleu.fr\/index.php\/wp-json\/wp\/v2\/media?parent=401"}],"curies":[{"name":"wp","href":"https:\/\/api.w.org\/{rel}","templated":true}]}}