{"id":30,"date":"2024-09-29T19:45:48","date_gmt":"2024-09-29T17:45:48","guid":{"rendered":"https:\/\/lareunion.lacompagnieduchatbleu.fr\/?page_id=30"},"modified":"2025-01-26T20:35:47","modified_gmt":"2025-01-26T16:35:47","slug":"scolaires","status":"publish","type":"page","link":"https:\/\/lareunion.lacompagnieduchatbleu.fr\/index.php\/scolaires\/","title":{"rendered":"Scolaires"},"content":{"rendered":"\n<div class=\"wp-block-group alignfull has-global-padding is-layout-constrained wp-block-group-is-layout-constrained\">\n<div style=\"height:30px\" aria-hidden=\"true\" class=\"wp-block-spacer\"><\/div>\n\n\n\n<p>La Compagnie du Chat Bleu s&rsquo;int\u00e9resse \u00e0 nos petits chatons : les \u00e9l\u00e8ves !<\/p>\n\n\n\n<p>Vous souhaitez, tout comme nous, leur faire go\u00fbter aux joies du spectacle vivant, de la culture ? Nous organisons \u00e9galement des repr\u00e9sentations en \u00e9tablissement scolaire. <em>(Depuis janvier 2022)<\/em><\/p>\n\n\n\n<p>Pour plus d&rsquo;<strong>informations<\/strong> ou pour commander une repr\u00e9sentation, vous pouvez nous \u00e9crire \u00e0 : <a href=\"mailto:lacompagnieduchatbleu@laposte.net\">lacompagnieduchatbleu@laposte.net<\/a><\/p>\n\n\n\n<div style=\"height:100px\" aria-hidden=\"true\" class=\"wp-block-spacer\"><\/div>\n\n\n\n<div class=\"wp-block-columns alignwide is-layout-flex wp-container-core-columns-is-layout-28f84493 wp-block-columns-is-layout-flex\">\n<div class=\"wp-block-column is-layout-flow wp-block-column-is-layout-flow\" style=\"flex-basis:15%\">\n<div class=\"wp-block-group has-global-padding is-layout-constrained wp-block-group-is-layout-constrained\" style=\"box-shadow:var(--wp--preset--shadow--natural)\"><div class=\"n2-section-smartslider fitvidsignore  n2_clear\" data-ssid=\"2\"><div id=\"n2-ss-2-align\" class=\"n2-ss-align\"><div class=\"n2-padding\"><div id=\"n2-ss-2\" data-creator=\"Smart Slider 3\" data-responsive=\"auto\" class=\"n2-ss-slider n2-ow n2-has-hover n2notransition  \">\n        <div class=\"n2-ss-slider-1 n2_ss__touch_element n2-ow\">\n            <div class=\"n2-ss-slider-2 n2-ow\">\n                                                <div class=\"n2-ss-slider-3 n2-ow\">\n\n                    <div class=\"n2-ss-slide-backgrounds n2-ow-all\"><div class=\"n2-ss-slide-background\" data-public-id=\"1\" data-mode=\"fill\"><div class=\"n2-ss-slide-background-image\" data-blur=\"0\" data-opacity=\"100\" data-x=\"50\" data-y=\"50\" data-alt=\"\" data-title=\"\"><picture class=\"skip-lazy\" data-skip-lazy=\"1\"><img decoding=\"async\" src=\"\/\/lareunion.lacompagnieduchatbleu.fr\/wp-content\/uploads\/2024\/10\/Affiche-Scarabee-dOr-v1-200px.jpg\" alt=\"\" title=\"\" loading=\"lazy\" class=\"skip-lazy\" data-skip-lazy=\"1\"><\/picture><\/div><div data-color=\"RGBA(255,255,255,0)\" style=\"background-color: RGBA(255,255,255,0);\" class=\"n2-ss-slide-background-color\"><\/div><\/div><\/div>                    <div class=\"n2-ss-slider-4 n2-ow\">\n                        <svg xmlns=\"http:\/\/www.w3.org\/2000\/svg\" viewBox=\"0 0 200 300\" data-related-device=\"desktopPortrait\" class=\"n2-ow n2-ss-preserve-size n2-ss-preserve-size--slider n2-ss-slide-limiter\"><\/svg><div data-first=\"1\" data-slide-duration=\"0\" data-id=\"4\" data-slide-public-id=\"1\" data-title=\"Affiche-Scarabee-dOr-v1-200px\" class=\"n2-ss-slide n2-ow  n2-ss-slide-4\"><div role=\"note\" class=\"n2-ss-slide--focus\" tabindex=\"-1\">Affiche-Scarabee-dOr-v1-200px<\/div><div class=\"n2-ss-layers-container n2-ss-slide-limiter n2-ow\"><div class=\"n2-ss-layer n2-ow n-uc-3cfTnFnne066\" data-sstype=\"slide\" data-pm=\"default\"><\/div><\/div><\/div>                    <\/div>\n\n                                    <\/div>\n            <\/div>\n        <\/div>\n        <\/div><ss3-loader><\/ss3-loader><\/div><\/div><div class=\"n2_clear\"><\/div><\/div><\/div>\n<\/div>\n\n\n\n<div class=\"wp-block-column is-layout-flow wp-block-column-is-layout-flow\" style=\"flex-basis:85%\">\n<h2 class=\"wp-block-heading\"><a id=\"LMSO\"><\/a>LE MYST\u00c8RE DU SCARAB\u00c9E D&rsquo;OR<\/h2>\n\n\n\n<p><strong>Type d&rsquo;\u0153uvre :<\/strong> Spectacle vivant participatif<\/p>\n\n\n\n<p><strong>Public cible :<\/strong> Jeune public&nbsp;; classes de CM2 et de 6<sup>\u00e8me<\/sup><\/p>\n\n\n\n<p><em>Nota bene : Pour que le public puisse appr\u00e9cier et participer pleinement \u00e0 la repr\u00e9sentation, il n&rsquo;est pas n\u00e9cessaire que la civilisation de l\u2019\u00c9gypte antique ait \u00e9t\u00e9 abord\u00e9e pr\u00e9alablement par les enseignants.<\/em><\/p>\n\n\n\n<p>Liens utiles :<\/p>\n\n\n\n<ol class=\"wp-block-list\">\n<li>Le <strong><a href=\"https:\/\/lareunion.lacompagnieduchatbleu.fr\/wp-content\/uploads\/2024\/10\/LMSO_Dossier-Pedagogique_Juin-2023.pdfgique_Juin-2023.pdf\">dossier p\u00e9dagogique<\/a> <\/strong>correspondant<\/li>\n\n\n\n<li>La <strong><a href=\"https:\/\/lareunion.lacompagnieduchatbleu.fr\/wp-content\/uploads\/2024\/10\/Convention-organisation-LMSO-Ecole_version3.pdf\">convention (\u00c9coles primaires)<\/a><\/strong><\/li>\n<\/ol>\n\n\n\n<p><\/p>\n\n\n\n<p class=\"has-accent-3-color has-text-color has-link-color wp-elements-f9aa03b7db5912edadf4b11a3199af35\">Retrouvez-nous sur \u00ab pass Culture \u00bb !<\/p>\n\n\n\n<p><\/p>\n\n\n\n<p><strong>Dur\u00e9e :<\/strong> 50 min <em>(le temps d&rsquo;une s\u00e9ance p\u00e9dagogique)<\/em><\/p>\n<\/div>\n<\/div>\n\n\n\n<div style=\"height:100px\" aria-hidden=\"true\" class=\"wp-block-spacer\"><\/div>\n\n\n\n<div class=\"wp-block-columns alignwide is-layout-flex wp-container-core-columns-is-layout-28f84493 wp-block-columns-is-layout-flex\">\n<div class=\"wp-block-column is-layout-flow wp-block-column-is-layout-flow\" style=\"flex-basis:15%\">\n<div class=\"wp-block-group has-global-padding is-layout-constrained wp-block-group-is-layout-constrained\" style=\"box-shadow:var(--wp--preset--shadow--natural)\"><div class=\"n2-section-smartslider fitvidsignore  n2_clear\" data-ssid=\"3\"><div id=\"n2-ss-3-align\" class=\"n2-ss-align\"><div class=\"n2-padding\"><div id=\"n2-ss-3\" data-creator=\"Smart Slider 3\" data-responsive=\"auto\" class=\"n2-ss-slider n2-ow n2-has-hover n2notransition  \"><div class=\"n2-ss-slider-wrapper-inside\">\n        <div class=\"n2-ss-slider-1 n2_ss__touch_element n2-ow\">\n            <div class=\"n2-ss-slider-2 n2-ow\">\n                                                <div class=\"n2-ss-slider-3 n2-ow\">\n\n                    <div class=\"n2-ss-slide-backgrounds n2-ow-all\"><div class=\"n2-ss-slide-background\" data-public-id=\"1\" data-mode=\"fill\"><div class=\"n2-ss-slide-background-image\" data-blur=\"0\" data-opacity=\"100\" data-x=\"50\" data-y=\"50\" data-alt=\"\" data-title=\"\"><picture class=\"skip-lazy\" data-skip-lazy=\"1\"><img decoding=\"async\" src=\"\/\/lareunion.lacompagnieduchatbleu.fr\/wp-content\/uploads\/2024\/10\/Affiche_Antigone_200px.jpg\" alt=\"\" title=\"\" loading=\"lazy\" class=\"skip-lazy\" data-skip-lazy=\"1\"><\/picture><\/div><div data-color=\"RGBA(255,255,255,0)\" style=\"background-color: RGBA(255,255,255,0);\" class=\"n2-ss-slide-background-color\"><\/div><\/div><div class=\"n2-ss-slide-background\" data-public-id=\"2\" data-mode=\"fill\"><div class=\"n2-ss-slide-background-image\" data-blur=\"0\" data-opacity=\"100\" data-x=\"50\" data-y=\"50\" data-alt=\"\" data-title=\"\"><picture class=\"skip-lazy\" data-skip-lazy=\"1\"><img decoding=\"async\" src=\"\/\/lareunion.lacompagnieduchatbleu.fr\/wp-content\/uploads\/2024\/10\/Antigone-3eme-jet-copy-200-px.jpg\" alt=\"\" title=\"\" loading=\"lazy\" class=\"skip-lazy\" data-skip-lazy=\"1\"><\/picture><\/div><div data-color=\"RGBA(255,255,255,0)\" style=\"background-color: RGBA(255,255,255,0);\" class=\"n2-ss-slide-background-color\"><\/div><\/div><div class=\"n2-ss-slide-background\" data-public-id=\"3\" data-mode=\"fill\"><div class=\"n2-ss-slide-background-image\" data-blur=\"0\" data-opacity=\"100\" data-x=\"50\" data-y=\"50\" data-alt=\"\" data-title=\"\"><picture class=\"skip-lazy\" data-skip-lazy=\"1\"><img decoding=\"async\" src=\"\/\/lareunion.lacompagnieduchatbleu.fr\/wp-content\/uploads\/2024\/10\/Antigone-2eme-jet-200-px.jpg\" alt=\"\" title=\"\" loading=\"lazy\" class=\"skip-lazy\" data-skip-lazy=\"1\"><\/picture><\/div><div data-color=\"RGBA(255,255,255,0)\" style=\"background-color: RGBA(255,255,255,0);\" class=\"n2-ss-slide-background-color\"><\/div><\/div><\/div>                    <div class=\"n2-ss-slider-4 n2-ow\">\n                        <svg xmlns=\"http:\/\/www.w3.org\/2000\/svg\" viewBox=\"0 0 200 300\" data-related-device=\"desktopPortrait\" class=\"n2-ow n2-ss-preserve-size n2-ss-preserve-size--slider n2-ss-slide-limiter\"><\/svg><div data-first=\"1\" data-slide-duration=\"0\" data-id=\"7\" data-slide-public-id=\"1\" data-title=\"Created with GIMP\" class=\"n2-ss-slide n2-ow  n2-ss-slide-7\"><div role=\"note\" class=\"n2-ss-slide--focus\" tabindex=\"-1\">Created with GIMP<\/div><div class=\"n2-ss-layers-container n2-ss-slide-limiter n2-ow\"><div class=\"n2-ss-layer n2-ow n-uc-DHJqrCfRNfFn\" data-sstype=\"slide\" data-pm=\"default\"><\/div><\/div><\/div><div data-slide-duration=\"0\" data-id=\"6\" data-slide-public-id=\"2\" data-title=\"Antigone-3eme-jet-copy-200-px\" class=\"n2-ss-slide n2-ow  n2-ss-slide-6\"><div role=\"note\" class=\"n2-ss-slide--focus\" tabindex=\"-1\">Antigone-3eme-jet-copy-200-px<\/div><div class=\"n2-ss-layers-container n2-ss-slide-limiter n2-ow\"><div class=\"n2-ss-layer n2-ow n-uc-W0GyRQFwYLL2\" data-sstype=\"slide\" data-pm=\"default\"><\/div><\/div><\/div><div data-slide-duration=\"0\" data-id=\"8\" data-slide-public-id=\"3\" data-title=\"Antigone-2eme-jet-200-px\" class=\"n2-ss-slide n2-ow  n2-ss-slide-8\"><div role=\"note\" class=\"n2-ss-slide--focus\" tabindex=\"-1\">Antigone-2eme-jet-200-px<\/div><div class=\"n2-ss-layers-container n2-ss-slide-limiter n2-ow\"><div class=\"n2-ss-layer n2-ow n-uc-MHuRYnKXoyxy\" data-sstype=\"slide\" data-pm=\"default\"><\/div><\/div><\/div>                    <\/div>\n\n                                    <\/div>\n            <\/div>\n        <\/div>\n        <div class=\"n2-ss-slider-controls n2-ss-slider-controls-absolute-left-center\"><div style=\"--widget-offset:15px;\" class=\"n2-ss-widget nextend-arrow n2-ow-all nextend-arrow-previous  nextend-arrow-animated-fade\" data-hide-mobileportrait=\"1\" id=\"n2-ss-3-arrow-previous\" role=\"button\" aria-label=\"previous arrow\" tabindex=\"0\"><img loading=\"lazy\" decoding=\"async\" width=\"32\" height=\"32\" class=\"skip-lazy\" data-skip-lazy=\"1\" src=\"data:image\/svg+xml;base64,PHN2ZyB3aWR0aD0iMzIiIGhlaWdodD0iMzIiIHZpZXdCb3g9IjAgMCAzMiAzMiIgeG1sbnM9Imh0dHA6Ly93d3cudzMub3JnLzIwMDAvc3ZnIj4KICAgIDxwYXRoIGQ9Ik0xMS40MzMgMTUuOTkyTDIyLjY5IDUuNzEyYy4zOTMtLjM5LjM5My0xLjAzIDAtMS40Mi0uMzkzLS4zOS0xLjAzLS4zOS0xLjQyMyAwbC0xMS45OCAxMC45NGMtLjIxLjIxLS4zLjQ5LS4yODUuNzYtLjAxNS4yOC4wNzUuNTYuMjg0Ljc3bDExLjk4IDEwLjk0Yy4zOTMuMzkgMS4wMy4zOSAxLjQyNCAwIC4zOTMtLjQuMzkzLTEuMDMgMC0xLjQybC0xMS4yNTctMTAuMjkiCiAgICAgICAgICBmaWxsPSIjZmZmZmZmIiBvcGFjaXR5PSIwLjgiIGZpbGwtcnVsZT0iZXZlbm9kZCIvPgo8L3N2Zz4=\" alt=\"previous arrow\"><\/div><\/div><div class=\"n2-ss-slider-controls n2-ss-slider-controls-absolute-right-center\"><div style=\"--widget-offset:15px;\" class=\"n2-ss-widget nextend-arrow n2-ow-all nextend-arrow-next  nextend-arrow-animated-fade\" data-hide-mobileportrait=\"1\" id=\"n2-ss-3-arrow-next\" role=\"button\" aria-label=\"next arrow\" tabindex=\"0\"><img loading=\"lazy\" decoding=\"async\" width=\"32\" height=\"32\" class=\"skip-lazy\" data-skip-lazy=\"1\" src=\"data:image\/svg+xml;base64,PHN2ZyB3aWR0aD0iMzIiIGhlaWdodD0iMzIiIHZpZXdCb3g9IjAgMCAzMiAzMiIgeG1sbnM9Imh0dHA6Ly93d3cudzMub3JnLzIwMDAvc3ZnIj4KICAgIDxwYXRoIGQ9Ik0xMC43MjIgNC4yOTNjLS4zOTQtLjM5LTEuMDMyLS4zOS0xLjQyNyAwLS4zOTMuMzktLjM5MyAxLjAzIDAgMS40MmwxMS4yODMgMTAuMjgtMTEuMjgzIDEwLjI5Yy0uMzkzLjM5LS4zOTMgMS4wMiAwIDEuNDIuMzk1LjM5IDEuMDMzLjM5IDEuNDI3IDBsMTIuMDA3LTEwLjk0Yy4yMS0uMjEuMy0uNDkuMjg0LS43Ny4wMTQtLjI3LS4wNzYtLjU1LS4yODYtLjc2TDEwLjcyIDQuMjkzeiIKICAgICAgICAgIGZpbGw9IiNmZmZmZmYiIG9wYWNpdHk9IjAuOCIgZmlsbC1ydWxlPSJldmVub2RkIi8+Cjwvc3ZnPg==\" alt=\"next arrow\"><\/div><\/div><\/div><\/div><ss3-loader><\/ss3-loader><\/div><\/div><div class=\"n2_clear\"><\/div><\/div><\/div>\n<\/div>\n\n\n\n<div class=\"wp-block-column is-layout-flow wp-block-column-is-layout-flow\" style=\"flex-basis:85%\">\n<h2 class=\"wp-block-heading\"><a id=\"LMSO\"><\/a>ANTIGONE<\/h2>\n\n\n\n<p><strong>Type d&rsquo;\u0153uvre :<\/strong> Th\u00e9\u00e2tre classique grec (r\u00e9\u00e9criture)<\/p>\n\n\n\n<p><strong>Public cible :<\/strong> Principalement coll\u00e9giens de troisi\u00e8me et lyc\u00e9ens<\/p>\n\n\n\n<p><em>Nota bene : Pour que vos \u00e9l\u00e8ves puissent appr\u00e9cier le spectacle il est souhaitable que l&rsquo;Antiquit\u00e9, a minima, ou au mieux l&rsquo;histoire d&rsquo;Antigone ait \u00e9t\u00e9 vue en classe au pr\u00e9alable.<\/em><\/p>\n\n\n\n<p>Liens utiles :<\/p>\n\n\n\n<ol class=\"wp-block-list\">\n<li>Le <strong><a href=\"https:\/\/lareunion.lacompagnieduchatbleu.fr\/wp-content\/uploads\/2024\/10\/ANTIGONE_Dossier-Pedagogique_2021.2.pdf\">dossier p\u00e9dagogique<\/a><\/strong> correspondant<\/li>\n\n\n\n<li>La <strong><a href=\"https:\/\/lareunion.lacompagnieduchatbleu.fr\/wp-content\/uploads\/2024\/10\/Convention-organisation-Antigone-EPLE-v2.pdf\">convention<\/a><\/strong><\/li>\n\n\n\n<li>Le <strong><a href=\"https:\/\/lareunion.lacompagnieduchatbleu.fr\/wp-content\/uploads\/2024\/10\/DEVIS-Base-CCB-DS_ANTIGONE.pdf\">devis type<\/a><\/strong><\/li>\n<\/ol>\n\n\n\n<p class=\"has-accent-3-color has-text-color has-link-color wp-elements-f9aa03b7db5912edadf4b11a3199af35\">Retrouvez-nous sur \u00ab pass Culture \u00bb !<\/p>\n\n\n\n<p><strong>Dur\u00e9e :<\/strong> 1h15<\/p>\n\n\n\n<div style=\"height:100px\" aria-hidden=\"true\" class=\"wp-block-spacer\"><\/div>\n<\/div>\n<\/div>\n<\/div>\n\n\n\n<div style=\"height:100px\" aria-hidden=\"true\" class=\"wp-block-spacer\"><\/div>\n\n\n\n<div class=\"wp-block-group alignwide is-content-justification-left is-nowrap is-layout-flex wp-container-core-group-is-layout-87c91fb2 wp-block-group-is-layout-flex\" style=\"border-style:none;border-width:0px;border-radius:0px;min-height:0px;margin-top:0;margin-bottom:0\">\n<div style=\"height:100px;width:491px\" aria-hidden=\"true\" class=\"wp-block-spacer wp-container-content-c192a8f5\"><\/div>\n<\/div>\n\n\n\n<p><\/p>\n","protected":false},"excerpt":{"rendered":"<p>La Compagnie du Chat Bleu s&rsquo;int\u00e9resse \u00e0 nos petits chatons : les \u00e9l\u00e8ves ! Vous souhaitez, tout comme nous, leur faire go\u00fbter aux joies du spectacle vivant, de la culture ? Nous organisons \u00e9galement des repr\u00e9sentations en \u00e9tablissement scolaire. (Depuis janvier 2022) Pour plus d&rsquo;informations ou pour commander une repr\u00e9sentation, vous pouvez nous \u00e9crire \u00e0 [&hellip;]<\/p>\n","protected":false},"author":1,"featured_media":0,"parent":0,"menu_order":0,"comment_status":"closed","ping_status":"closed","template":"","meta":{"pgc_sgb_lightbox_settings":"","_themeisle_gutenberg_block_has_review":false,"footnotes":""},"class_list":["post-30","page","type-page","status-publish","hentry"],"_links":{"self":[{"href":"https:\/\/lareunion.lacompagnieduchatbleu.fr\/index.php\/wp-json\/wp\/v2\/pages\/30","targetHints":{"allow":["GET"]}}],"collection":[{"href":"https:\/\/lareunion.lacompagnieduchatbleu.fr\/index.php\/wp-json\/wp\/v2\/pages"}],"about":[{"href":"https:\/\/lareunion.lacompagnieduchatbleu.fr\/index.php\/wp-json\/wp\/v2\/types\/page"}],"author":[{"embeddable":true,"href":"https:\/\/lareunion.lacompagnieduchatbleu.fr\/index.php\/wp-json\/wp\/v2\/users\/1"}],"replies":[{"embeddable":true,"href":"https:\/\/lareunion.lacompagnieduchatbleu.fr\/index.php\/wp-json\/wp\/v2\/comments?post=30"}],"version-history":[{"count":24,"href":"https:\/\/lareunion.lacompagnieduchatbleu.fr\/index.php\/wp-json\/wp\/v2\/pages\/30\/revisions"}],"predecessor-version":[{"id":528,"href":"https:\/\/lareunion.lacompagnieduchatbleu.fr\/index.php\/wp-json\/wp\/v2\/pages\/30\/revisions\/528"}],"wp:attachment":[{"href":"https:\/\/lareunion.lacompagnieduchatbleu.fr\/index.php\/wp-json\/wp\/v2\/media?parent=30"}],"curies":[{"name":"wp","href":"https:\/\/api.w.org\/{rel}","templated":true}]}}